{"id":27,"date":"2026-03-10T19:55:37","date_gmt":"2026-03-10T19:55:37","guid":{"rendered":"https:\/\/dagc.at\/start\/"},"modified":"2026-03-26T14:09:25","modified_gmt":"2026-03-26T14:09:25","slug":"start","status":"publish","type":"page","link":"https:\/\/dagc.at\/en\/","title":{"rendered":"DAGC"},"content":{"rendered":"<div class=\"kb-row-layout-wrap kb-row-layout-id27_4a4c49-07 alignnone ext-animate--on wp-block-kadence-rowlayout\"><div class=\"kt-row-column-wrap kt-has-1-columns kt-row-layout-equal kt-tab-layout-inherit kt-mobile-layout-row kt-row-valign-top\">\n\n<div class=\"wp-block-kadence-column kadence-column27_750583-16\"><div class=\"kt-inside-inner-col\">\n<div class=\"wp-block-kadence-column kadence-column27_6f99bd-42\"><div class=\"kt-inside-inner-col\"><div class=\"kb-row-layout-wrap kb-row-layout-id27_3de1b5-fc alignnone kt-row-has-bg ext-animate--on wp-block-kadence-rowlayout\"><div class=\"kt-row-layout-overlay kt-row-overlay-normal\"><\/div><div class=\"kt-row-column-wrap kt-has-1-columns kt-row-layout-equal kt-tab-layout-inherit kt-mobile-layout-row kt-row-valign-top\">\n\n<div class=\"wp-block-kadence-column kadence-column27_54c21d-35\"><div class=\"kt-inside-inner-col\">\n<h2 class=\"wp-block-heading has-text-align-left ext-animate--on has-foreground-color has-text-color\">Smart drive solutions for demanding environments<\/h2>\n\n\n\n<p class=\"ext-animate--on\">DAGC entwickelt und begleitet Elektrifizierungs-, Hybrid- und Systeml\u00f6sungen von der ersten Konzeptphase bis zur serienreifen Umsetzung.<\/p>\n\n\n\n<div class=\"wp-block-kadence-advancedbtn kb-buttons-wrap kb-btns27_5db240-94 ext-animate--on\"><a class=\"kb-button kt-button button kb-btn27_38c3dd-e1 kt-btn-size-standard kt-btn-width-type-auto kb-btn-global-fill  kt-btn-has-text-true kt-btn-has-svg-false  wp-block-kadence-singlebtn\" href=\"https:\/\/dagc.at\/en\/kontakt\/\"><span class=\"kt-btn-inner-text\">Talk to our team<\/span><\/a><\/div>\n<\/div><\/div>\n\n<\/div><\/div><\/div><\/div>\n<\/div><\/div>\n\n<\/div><\/div>\n\n<div class=\"kb-row-layout-wrap kb-row-layout-id27_ee72b9-a5 alignnone kt-row-has-bg ext-animate--on wp-block-kadence-rowlayout\"><div class=\"kt-blocks-carousel kb-blocks-bg-slider kt-carousel-container-dotstyle-dark\"><div class=\"kt-blocks-carousel-init splide kb-blocks-bg-slider-init kt-carousel-arrowstyle-none kt-carousel-dotstyle-dark\" data-slider-anim-speed=\"400\" data-slider-type=\"slider\" data-slider-scroll=\"1\" data-slider-arrows=\"false\" data-slider-fade=\"true\" data-slider-dots=\"true\" data-slider-hover-pause=\"false\" data-slider-auto=\"false\" data-slider-speed=\"7000\" data-show-pause-button=\"false\"><div class=\"splide__track\"><ul class=\"splide__list\"><li class=\"splide__slide kb-bg-slide-contain\"><div  class=\"kb-bg-slide kb-bg-slide-0\" style=\"background-image:url(https:\/\/dagc.at\/wp-content\/uploads\/2026\/03\/0656f72b0a853d61473678e93ebd69f33b32fa51.jpg); background-size:cover; background-position:center center; background-repeat:no-repeat;\"><\/div><\/li><\/ul><\/div><\/div><\/div><div class=\"kt-row-layout-overlay kt-row-overlay-gradient\"><\/div><div class=\"kt-row-column-wrap kt-has-1-columns kt-row-layout-equal kt-tab-layout-inherit kt-mobile-layout-row kt-row-valign-top\">\n\n<div class=\"wp-block-kadence-column kadence-column27_951b8d-27\"><div class=\"kt-inside-inner-col\">\n<div class=\"wp-block-kadence-infobox kt-info-box27_49e58c-27 ext-animate--on\"><span class=\"kt-blocks-info-box-link-wrap info-box-link kt-blocks-info-box-media-align-top kt-info-halign-left\"><div class=\"kt-blocks-info-box-media-container\"><div class=\"kt-blocks-info-box-media kt-info-media-animate-none\"><div class=\"kadence-info-box-image-inner-intrisic-container\"><div class=\"kadence-info-box-image-intrisic kt-info-animate-none\"><div class=\"kadence-info-box-image-inner-intrisic\"><img loading=\"lazy\" decoding=\"async\" src=\"https:\/\/dagc.at\/wp-content\/uploads\/2026\/03\/Podium_512.png\" alt=\"\" width=\"512\" height=\"512\" class=\"kt-info-box-image wp-image-86\" srcset=\"https:\/\/dagc.at\/wp-content\/uploads\/2026\/03\/Podium_512.png 512w, https:\/\/dagc.at\/wp-content\/uploads\/2026\/03\/Podium_512-300x300.png 300w, https:\/\/dagc.at\/wp-content\/uploads\/2026\/03\/Podium_512-150x150.png 150w, https:\/\/dagc.at\/wp-content\/uploads\/2026\/03\/Podium_512-12x12.png 12w\" sizes=\"auto, (max-width: 512px) 100vw, 512px\" \/><\/div><\/div><\/div><\/div><\/div><div class=\"kt-infobox-textcontent\"><h4 class=\"kt-blocks-info-box-title\">Our focus is on developing highly efficient electric drive systems for industries that demand maximum reliability under extreme conditions.<\/h4><\/div><\/span><\/div>\n<\/div><\/div>\n\n<\/div><\/div>\n\n\n<div class=\"wp-block-kadence-spacer aligncenter kt-block-spacer-27_917161-51 ext-animate--on\"><div class=\"kt-block-spacer kt-block-spacer-halign-center\"><hr class=\"kt-divider\"\/><\/div><\/div>\n\n\n<div class=\"kb-row-layout-wrap kb-row-layout-id27_639e43-4e alignnone ext-animate--on wp-block-kadence-rowlayout\"><div class=\"kt-row-column-wrap kt-has-1-columns kt-row-layout-equal kt-tab-layout-inherit kt-mobile-layout-row kt-row-valign-top kt-inner-column-height-full\">\n\n<div class=\"wp-block-kadence-column kadence-column27_4457f8-48\"><div class=\"kt-inside-inner-col\"><div class=\"kb-row-layout-wrap kb-row-layout-id27_392c0f-87 alignnone ext-animate--on wp-block-kadence-rowlayout\"><div class=\"kt-row-column-wrap kt-has-3-columns kt-row-layout-equal kt-tab-layout-inherit kt-mobile-layout-row kt-row-valign-top kt-inner-column-height-full\">\n\n<div class=\"wp-block-kadence-column kadence-column27_1d1e2e-0d\"><div class=\"kt-inside-inner-col\">\n<div class=\"wp-block-kadence-infobox kt-info-box27_72bb30-35 ext-animate--on\"><div class=\"kt-blocks-info-box-link-wrap kt-blocks-info-box-media-align-top kt-info-halign-center\"><div class=\"kt-blocks-info-box-media-container\"><div class=\"kt-blocks-info-box-media kt-info-media-animate-none\"><div class=\"kadence-info-box-icon-container kt-info-icon-animate-none\"><div class=\"kadence-info-box-icon-inner-container\"><span class=\"kb-svg-icon-wrap kb-svg-icon-fe_zap kt-info-svg-icon\"><svg viewbox=\"0 0 24 24\"  fill=\"none\" stroke=\"currentColor\" stroke-width=\"2\" stroke-linecap=\"round\" stroke-linejoin=\"round\" xmlns=\"http:\/\/www.w3.org\/2000\/svg\"  aria-hidden=\"true\"><polygon points=\"13 2 3 14 12 14 11 22 21 10 12 10 13 2\"\/><\/svg><\/span><\/div><\/div><\/div><\/div><div class=\"kt-infobox-textcontent\"><h4 class=\"kt-blocks-info-box-title\">Drive technology &amp; hybridization<\/h4><p class=\"kt-blocks-info-box-text\">We design powertrains and transmission systems holistically, tailored to the specific application. Whether electrifying existing systems, hybridizing, or creating a completely new design, we develop everything from the initial concept and system architecture through to the finished powertrain. We integrate electrical and electronic design from the very beginning.<\/p><\/div><\/div><\/div>\n<\/div><\/div>\n\n\n\n<div class=\"wp-block-kadence-column kadence-column27_c3bfd6-e6\"><div class=\"kt-inside-inner-col\">\n<div class=\"wp-block-kadence-infobox kt-info-box27_b6c9e8-ab ext-animate--on\"><span class=\"kt-blocks-info-box-link-wrap info-box-link kt-blocks-info-box-media-align-top kt-info-halign-center\"><div class=\"kt-blocks-info-box-media-container\"><div class=\"kt-blocks-info-box-media kt-info-media-animate-none\"><div class=\"kadence-info-box-icon-container kt-info-icon-animate-none\"><div class=\"kadence-info-box-icon-inner-container\"><span class=\"kb-svg-icon-wrap kb-svg-icon-fe_cpu kt-info-svg-icon\"><svg viewbox=\"0 0 24 24\"  fill=\"none\" stroke=\"currentColor\" stroke-width=\"2\" stroke-linecap=\"round\" stroke-linejoin=\"round\" xmlns=\"http:\/\/www.w3.org\/2000\/svg\"  aria-hidden=\"true\"><rect x=\"4\" y=\"4\" width=\"16\" height=\"16\" rx=\"2\" ry=\"2\"\/><rect x=\"9\" y=\"9\" width=\"6\" height=\"6\"\/><line x1=\"9\" y1=\"1\" x2=\"9\" y2=\"4\"\/><line x1=\"15\" y1=\"1\" x2=\"15\" y2=\"4\"\/><line x1=\"9\" y1=\"20\" x2=\"9\" y2=\"23\"\/><line x1=\"15\" y1=\"20\" x2=\"15\" y2=\"23\"\/><line x1=\"20\" y1=\"9\" x2=\"23\" y2=\"9\"\/><line x1=\"20\" y1=\"14\" x2=\"23\" y2=\"14\"\/><line x1=\"1\" y1=\"9\" x2=\"4\" y2=\"9\"\/><line x1=\"1\" y1=\"14\" x2=\"4\" y2=\"14\"\/><\/svg><\/span><\/div><\/div><\/div><\/div><div class=\"kt-infobox-textcontent\"><h4 class=\"kt-blocks-info-box-title\">Control units &amp; connectivity<\/h4><p class=\"kt-blocks-info-box-text\">From platform development and wireless and bus systems to ECU development, we provide intelligent hardware and system communication from a single source.<br>We support function development, implementation, and calibration, as well as the assessment of functional safety. Our model-based approach ensures that requirements, architecture, and validation work together from the very start.<\/p><\/div><\/span><\/div>\n<\/div><\/div>\n\n\n\n<div class=\"wp-block-kadence-column kadence-column27_c08e00-34\"><div class=\"kt-inside-inner-col\">\n<div class=\"wp-block-kadence-infobox kt-info-box27_8a6a9d-2e ext-animate--on\"><span class=\"kt-blocks-info-box-link-wrap info-box-link kt-blocks-info-box-media-align-top kt-info-halign-center\"><div class=\"kt-blocks-info-box-media-container\"><div class=\"kt-blocks-info-box-media kt-info-media-animate-none\"><div class=\"kadence-info-box-icon-container kt-info-icon-animate-none\"><div class=\"kadence-info-box-icon-inner-container\"><span class=\"kb-svg-icon-wrap kb-svg-icon-fe_battery kt-info-svg-icon\"><svg viewbox=\"0 0 24 24\"  fill=\"none\" stroke=\"currentColor\" stroke-width=\"2\" stroke-linecap=\"round\" stroke-linejoin=\"round\" xmlns=\"http:\/\/www.w3.org\/2000\/svg\"  aria-hidden=\"true\"><rect x=\"1\" y=\"6\" width=\"18\" height=\"12\" rx=\"2\" ry=\"2\"\/><line x1=\"23\" y1=\"13\" x2=\"23\" y2=\"11\"\/><\/svg><\/span><\/div><\/div><\/div><\/div><div class=\"kt-infobox-textcontent\"><h4 class=\"kt-blocks-info-box-title\">Energy storage &amp; batteries<\/h4><p class=\"kt-blocks-info-box-text\">The energy storage system is the heart of any electrification project. We develop tailored storage solutions. From selecting the right cell chemistry and mechanical design through to thermal management.<br>Sizing is based on load-cycle analyses to ensure the energy source operates reliably under real-world conditions.<\/p><\/div><\/span><\/div>\n<\/div><\/div>\n\n<\/div><\/div><\/div><\/div>\n\n<\/div><\/div>\n\n<div class=\"kb-row-layout-wrap kb-row-layout-id27_26c55b-8f alignnone has-tertiary-background-color kt-row-has-bg ext-animate--on wp-block-kadence-rowlayout\"><div class=\"kt-row-column-wrap kt-has-3-columns kt-row-layout-center-exwide kt-tab-layout-inherit kt-mobile-layout-row kt-row-valign-top\">\n\n<div class=\"wp-block-kadence-column kadence-column27_76d68e-a1\"><div class=\"kt-inside-inner-col\"><\/div><\/div>\n\n\n\n<div class=\"wp-block-kadence-column kadence-column27_4388e1-66\"><div class=\"kt-inside-inner-col\">\n<h4 class=\"kt-adv-heading27_3e71e8-5b ext-animate--on wp-block-kadence-advancedheading has-foreground-alt-color has-text-color\" data-kb-block=\"kb-adv-heading27_3e71e8-5b\">Planning an electrification project? Let\u2019s talk.<\/h4>\n\n\n\n<div class=\"wp-block-kadence-advancedbtn kb-buttons-wrap kb-btns27_7bcfcd-b9 ext-animate--on\"><a class=\"kb-button kt-button button kb-btn27_3e64a6-ca kt-btn-size-standard kt-btn-width-type-auto kb-btn-global-fill  kt-btn-has-text-true kt-btn-has-svg-false  wp-block-kadence-singlebtn\" href=\"https:\/\/dagc.at\/en\/kontakt\/\"><span class=\"kt-btn-inner-text\">Contact us<\/span><\/a><\/div>\n<\/div><\/div>\n\n\n\n<div class=\"wp-block-kadence-column kadence-column27_ff281b-90\"><div class=\"kt-inside-inner-col\"><\/div><\/div>\n\n<\/div><\/div>","protected":false},"excerpt":{"rendered":"<p>Intelligente Antriebsl\u00f6sungen f\u00fcr anspruchsvolle Umgebungen DAGC entwickelt und begleitet Elektrifizierungs-, Hybrid- und Systeml\u00f6sungen von der ersten Konzeptphase bis zur serienreifen Umsetzung. Sie planen ein Elektrifizierungsprojekt? Lassen Sie uns dar\u00fcber sprechen.<\/p>","protected":false},"author":1,"featured_media":0,"parent":0,"menu_order":0,"comment_status":"closed","ping_status":"closed","template":"no-title","meta":{"_kb_optimizer_status":2,"footnotes":""},"class_list":["post-27","page","type-page","status-publish","hentry"],"_links":{"self":[{"href":"https:\/\/dagc.at\/en\/wp-json\/wp\/v2\/pages\/27","targetHints":{"allow":["GET"]}}],"collection":[{"href":"https:\/\/dagc.at\/en\/wp-json\/wp\/v2\/pages"}],"about":[{"href":"https:\/\/dagc.at\/en\/wp-json\/wp\/v2\/types\/page"}],"author":[{"embeddable":true,"href":"https:\/\/dagc.at\/en\/wp-json\/wp\/v2\/users\/1"}],"replies":[{"embeddable":true,"href":"https:\/\/dagc.at\/en\/wp-json\/wp\/v2\/comments?post=27"}],"version-history":[{"count":850,"href":"https:\/\/dagc.at\/en\/wp-json\/wp\/v2\/pages\/27\/revisions"}],"predecessor-version":[{"id":1475,"href":"https:\/\/dagc.at\/en\/wp-json\/wp\/v2\/pages\/27\/revisions\/1475"}],"wp:attachment":[{"href":"https:\/\/dagc.at\/en\/wp-json\/wp\/v2\/media?parent=27"}],"curies":[{"name":"wp","href":"https:\/\/api.w.org\/{rel}","templated":true}]}}