{"id":827,"date":"2026-03-16T20:47:20","date_gmt":"2026-03-16T20:47:20","guid":{"rendered":"https:\/\/dagc.at\/?page_id=827"},"modified":"2026-03-17T10:24:08","modified_gmt":"2026-03-17T10:24:08","slug":"datenschutzerklaerung","status":"publish","type":"page","link":"https:\/\/dagc.at\/en\/datenschutzerklaerung\/","title":{"rendered":"Privacy policy"},"content":{"rendered":"<div class=\"kb-row-layout-wrap kb-row-layout-id827_62e5f5-86 alignnone ext-animate--on wp-block-kadence-rowlayout\"><div class=\"kt-row-column-wrap kt-has-3-columns kt-row-layout-center-exwide kt-tab-layout-inherit kt-mobile-layout-row kt-row-valign-top\">\n\n<div class=\"wp-block-kadence-column kadence-column827_146703-31\"><div class=\"kt-inside-inner-col\"><\/div><\/div>\n\n\n\n<div class=\"wp-block-kadence-column kadence-column827_93214c-37\"><div class=\"kt-inside-inner-col\">\n<h3 class=\"wp-block-heading ext-animate--on has-foreground-alt-color has-text-color has-link-color has--font-size wp-elements-00abe8d30f41551b9ff7ba946611473c\">Information notice (privacy policy)<\/h3>\n\n\n\n<p class=\"ext-animate--on has-foreground-alt-color has-text-color has-link-color has--font-size wp-elements-171f6384a394774fa5520b1142dfc9eb\">Protecting your personal data is especially important to us. We therefore process your data exclusively on the basis of the applicable legal provisions (GDPR, Telecommunications Act 2003). In this privacy notice, we inform you about the most important aspects of data processing on our website.<\/p>\n\n\n\n<p class=\"ext-animate--on has-foreground-alt-color has-text-color has-link-color has--font-size wp-elements-25b06b6fa09e8f43babec4138e6cadc4\">\u00a0When you visit our website, your IP address and the start and end of your session are recorded for the duration of that session. This is technically necessary and therefore constitutes a legitimate interest within the meaning of Art. 6(1)(f) GDPR. Unless otherwise stated below, we do not further process this data.<\/p>\n\n\n\n<h4 class=\"wp-block-heading ext-animate--on has-foreground-alt-color has-text-color has-link-color has--font-size wp-elements-078a87ace0d7766ed7d0d4530e60edd2\">Contact us<\/h4>\n\n\n\n<p class=\"ext-animate--on has-foreground-alt-color has-text-color has-link-color has--font-size wp-elements-da5242f45e23870b859299af90752289\">If you contact us via the form on our website or by email, we will store the data you provide for the purpose of processing your request and in case of follow-up questions for six months. We will not share this data without your consent.<\/p>\n\n\n\n<h4 class=\"wp-block-heading ext-animate--on has-foreground-alt-color has-text-color has-link-color has--font-size wp-elements-5daf07c038da5db3817ef7434be85a2e\">Cookies<\/h4>\n\n\n\n<p class=\"ext-animate--on has-foreground-alt-color has-text-color has-link-color has--font-size wp-elements-fe01772a033fb6930881ee420ed4aba6\">Our website uses so-called cookies. These are small text files that are stored on your device via your browser. They do not cause any harm.<\/p>\n\n\n\n<p class=\"ext-animate--on has-foreground-alt-color has-text-color has-link-color has--font-size wp-elements-ba94c593315a79d8501bafa1530a2124\">We use cookies to make our website more user-friendly. Some cookies remain stored on your device until you delete them. They allow us to recognize your browser on your next visit.<\/p>\n\n\n\n<p class=\"ext-animate--on has-foreground-alt-color has-text-color has-link-color has--font-size wp-elements-d1eb5a755dd0231272548f985ff07145\">If you do not wish this, you can configure your browser to inform you when cookies are set and to allow them only on a case-by-case basis.<\/p>\n\n\n\n<p class=\"ext-animate--on has-foreground-alt-color has-text-color has-link-color has--font-size wp-elements-ae1fb586efc389a4af849024e74d8ef7\">If you disable cookies, the functionality of our website may be limited.<\/p>\n\n\n\n<h4 class=\"wp-block-heading ext-animate--on has-foreground-alt-color has-text-color has-link-color has--font-size wp-elements-052cd2576f9fdf6a76678ae0f08c8753\">Your rights<\/h4>\n\n\n\n<p class=\"ext-animate--on has-foreground-alt-color has-text-color has-link-color has--font-size wp-elements-4a1a2ef643ef7a588a6c180ec353a55c\">With regard to your data stored by us, you generally have the rights to access, rectification, erasure, restriction of processing, data portability, withdrawal of consent, and objection.<\/p>\n\n\n\n<p class=\"ext-animate--on has-foreground-alt-color has-text-color has-link-color has--font-size wp-elements-298523717a0e2c0bc0cab8c1948a9d1d\">If you believe that the processing of your data violates data protection law, or that your data protection rights have otherwise been infringed, you can lodge a complaint with us at info@dagc.at or with the data protection authority.<\/p>\n\n\n\n<p class=\"ext-animate--on has-foreground-alt-color has-text-color has-link-color has--font-size wp-elements-4e1a6aca947bf9348221e2797bc89fcb\"><\/p>\n<\/div><\/div>\n\n\n\n<div class=\"wp-block-kadence-column kadence-column827_d59ad4-e4\"><div class=\"kt-inside-inner-col\"><\/div><\/div>\n\n<\/div><\/div>","protected":false},"excerpt":{"rendered":"<p>Erkl\u00e4rung zur Informationspflicht (Datenschutzerkl\u00e4rung) Der Schutz Ihrer pers\u00f6nlichen Daten ist uns ein besonderes Anliegen. Wir verarbeiten Ihre Daten daher ausschlie\u00dflich auf Grundlage der gesetzlichen Bestimmungen (DSGVO, TKG 2003). In diesen Datenschutzinformationen informieren wir Sie \u00fcber die wichtigsten Aspekte der Datenverarbeitung im Rahmen unserer Website. \u00a0Beim Besuch unserer Webseite wird Ihre IP-Adresse, Beginn und Ende der [&hellip;]<\/p>\n","protected":false},"author":1,"featured_media":0,"parent":0,"menu_order":0,"comment_status":"closed","ping_status":"closed","template":"page-with-title","meta":{"_kb_optimizer_status":2,"footnotes":""},"class_list":["post-827","page","type-page","status-publish","hentry"],"_links":{"self":[{"href":"https:\/\/dagc.at\/en\/wp-json\/wp\/v2\/pages\/827","targetHints":{"allow":["GET"]}}],"collection":[{"href":"https:\/\/dagc.at\/en\/wp-json\/wp\/v2\/pages"}],"about":[{"href":"https:\/\/dagc.at\/en\/wp-json\/wp\/v2\/types\/page"}],"author":[{"embeddable":true,"href":"https:\/\/dagc.at\/en\/wp-json\/wp\/v2\/users\/1"}],"replies":[{"embeddable":true,"href":"https:\/\/dagc.at\/en\/wp-json\/wp\/v2\/comments?post=827"}],"version-history":[{"count":2,"href":"https:\/\/dagc.at\/en\/wp-json\/wp\/v2\/pages\/827\/revisions"}],"predecessor-version":[{"id":836,"href":"https:\/\/dagc.at\/en\/wp-json\/wp\/v2\/pages\/827\/revisions\/836"}],"wp:attachment":[{"href":"https:\/\/dagc.at\/en\/wp-json\/wp\/v2\/media?parent=827"}],"curies":[{"name":"wp","href":"https:\/\/api.w.org\/{rel}","templated":true}]}}